{"id":64,"date":"2020-09-28T17:06:30","date_gmt":"2020-09-28T15:06:30","guid":{"rendered":"https:\/\/www.humeurs.be\/boutique\/?post_type=product&#038;p=64"},"modified":"2026-05-05T05:04:01","modified_gmt":"2026-05-05T03:04:01","slug":"hautes-fagnes-contes-et-legendes-2016","status":"publish","type":"product","link":"https:\/\/www.humeurs.be\/boutique\/produit\/hautes-fagnes-contes-et-legendes-2016\/","title":{"rendered":"Hautes Fagnes &#8211; Contes et L\u00e9gendes (2016)"},"content":{"rendered":"<p>La B\u00eate du Staneux, les Fianc\u00e9s de la Fagne, la Cloche des \u00e9gar\u00e9s&#8230;<\/p>\n<p>Gr\u00e2ce \u00e0 l&rsquo;imagination et aux crayons de quatre dessinateurs, Oli, Emy C, Gil et S.Jacqmin, plongez dans l&rsquo;univers myst\u00e9rieux des histoires \u00e0 l&rsquo;origine de ces l\u00e9gendes qui ne cessent, encore aujourd&rsquo;hui, de nourrir l&rsquo;imaginaire des habitants des Hautes Fagnes.<\/p>\n<p>Editeur : Les \u00c9ditions de la Province de Li\u00e8ge<br \/>\nFormat : 23,5 x 30,5 cm<br \/>\nISBN : 9782390100591<\/p>\n","protected":false},"excerpt":{"rendered":"<p>La r\u00e9gion des Hautes Fagnes est riche en r\u00e9cits et l\u00e9gendes de toutes sortes, dont certaines ont contribu\u00e9 au folklore local. Mais que savons-nous r\u00e9ellement des \u00e9v\u00e9nements qui les ont fait na\u00eetre ?<\/p>\n","protected":false},"featured_media":215,"comment_status":"open","ping_status":"closed","template":"","meta":[],"product_brand":[],"product_cat":[21],"product_tag":[31,27,32,24],"class_list":{"0":"post-64","1":"product","2":"type-product","3":"status-publish","4":"has-post-thumbnail","6":"product_cat-bd","7":"product_tag-bd","8":"product_tag-dessin","9":"product_tag-histoire","10":"product_tag-oli","12":"first","13":"outofstock","14":"taxable","15":"shipping-taxable","16":"purchasable","17":"product-type-simple"},"jetpack_sharing_enabled":true,"_links":{"self":[{"href":"https:\/\/www.humeurs.be\/boutique\/wp-json\/wp\/v2\/product\/64","targetHints":{"allow":["GET"]}}],"collection":[{"href":"https:\/\/www.humeurs.be\/boutique\/wp-json\/wp\/v2\/product"}],"about":[{"href":"https:\/\/www.humeurs.be\/boutique\/wp-json\/wp\/v2\/types\/product"}],"replies":[{"embeddable":true,"href":"https:\/\/www.humeurs.be\/boutique\/wp-json\/wp\/v2\/comments?post=64"}],"wp:featuredmedia":[{"embeddable":true,"href":"https:\/\/www.humeurs.be\/boutique\/wp-json\/wp\/v2\/media\/215"}],"wp:attachment":[{"href":"https:\/\/www.humeurs.be\/boutique\/wp-json\/wp\/v2\/media?parent=64"}],"wp:term":[{"taxonomy":"product_brand","embeddable":true,"href":"https:\/\/www.humeurs.be\/boutique\/wp-json\/wp\/v2\/product_brand?post=64"},{"taxonomy":"product_cat","embeddable":true,"href":"https:\/\/www.humeurs.be\/boutique\/wp-json\/wp\/v2\/product_cat?post=64"},{"taxonomy":"product_tag","embeddable":true,"href":"https:\/\/www.humeurs.be\/boutique\/wp-json\/wp\/v2\/product_tag?post=64"}],"curies":[{"name":"wp","href":"https:\/\/api.w.org\/{rel}","templated":true}]}}