{"id":62,"date":"2020-09-28T17:00:01","date_gmt":"2020-09-28T15:00:01","guid":{"rendered":"https:\/\/www.humeurs.be\/boutique\/?post_type=product&#038;p=62"},"modified":"2025-05-22T05:41:14","modified_gmt":"2025-05-22T03:41:14","slug":"spa-a-lheure-us-2018","status":"publish","type":"product","link":"https:\/\/www.humeurs.be\/boutique\/produit\/spa-a-lheure-us-2018\/","title":{"rendered":"Spa \u00e0 l&rsquo;heure US (2018)"},"content":{"rendered":"<p>Spa \u00e0 l&rsquo;heure US vous transportera \u00e0 Spa \u00e0 la fin de la deuxi\u00e8me Guerre mondiale, et vous fera vivre \u00e0 l&rsquo;heure am\u00e9ricaine \u00e0 travers 4 r\u00e9cits aux styles graphiques bien distincts. Vous d\u00e9couvrirez le Recreation Center, la vie quotidienne, le m\u00e9tier de reporter de guerre ou encore, les risques permanents encourus par les soldats.<\/p>\n<p>Editeur : Les \u00c9ditions de la Province de Li\u00e8ge<br \/>\nFormat : 23,5 x 30,5 cm<br \/>\nISBN : 9782390101260<\/p>\n","protected":false},"excerpt":{"rendered":"<p>Oli, Doudou, Fich et Gil vous permettront, chacun \u00e0 leur mani\u00e8re, de d\u00e9couvrir ce pan moins connu de l&rsquo;histoire de la ville thermale.<\/p>\n","protected":false},"featured_media":214,"comment_status":"open","ping_status":"closed","template":"","meta":[],"product_brand":[],"product_cat":[21],"product_tag":[31,27,32,24,33],"class_list":{"0":"post-62","1":"product","2":"type-product","3":"status-publish","4":"has-post-thumbnail","6":"product_cat-bd","7":"product_tag-bd","8":"product_tag-dessin","9":"product_tag-histoire","10":"product_tag-oli","11":"product_tag-spa","13":"first","14":"outofstock","15":"taxable","16":"shipping-taxable","17":"purchasable","18":"product-type-simple"},"jetpack_sharing_enabled":true,"_links":{"self":[{"href":"https:\/\/www.humeurs.be\/boutique\/wp-json\/wp\/v2\/product\/62","targetHints":{"allow":["GET"]}}],"collection":[{"href":"https:\/\/www.humeurs.be\/boutique\/wp-json\/wp\/v2\/product"}],"about":[{"href":"https:\/\/www.humeurs.be\/boutique\/wp-json\/wp\/v2\/types\/product"}],"replies":[{"embeddable":true,"href":"https:\/\/www.humeurs.be\/boutique\/wp-json\/wp\/v2\/comments?post=62"}],"wp:featuredmedia":[{"embeddable":true,"href":"https:\/\/www.humeurs.be\/boutique\/wp-json\/wp\/v2\/media\/214"}],"wp:attachment":[{"href":"https:\/\/www.humeurs.be\/boutique\/wp-json\/wp\/v2\/media?parent=62"}],"wp:term":[{"taxonomy":"product_brand","embeddable":true,"href":"https:\/\/www.humeurs.be\/boutique\/wp-json\/wp\/v2\/product_brand?post=62"},{"taxonomy":"product_cat","embeddable":true,"href":"https:\/\/www.humeurs.be\/boutique\/wp-json\/wp\/v2\/product_cat?post=62"},{"taxonomy":"product_tag","embeddable":true,"href":"https:\/\/www.humeurs.be\/boutique\/wp-json\/wp\/v2\/product_tag?post=62"}],"curies":[{"name":"wp","href":"https:\/\/api.w.org\/{rel}","templated":true}]}}