{"id":60,"date":"2020-09-28T16:37:30","date_gmt":"2020-09-28T14:37:30","guid":{"rendered":"https:\/\/www.humeurs.be\/boutique\/?post_type=product&#038;p=60"},"modified":"2024-04-15T09:43:45","modified_gmt":"2024-04-15T07:43:45","slug":"cest-pas-gagne-les-humeurs-doli-t1-2017","status":"publish","type":"product","link":"https:\/\/www.humeurs.be\/boutique\/produit\/cest-pas-gagne-les-humeurs-doli-t1-2017\/","title":{"rendered":"C&rsquo;est pas gagn\u00e9&#8230; &#8211; Les Humeurs d&rsquo;Oli &#8211; T1 (2017)"},"content":{"rendered":"<p>Entre les \u00e9lections am\u00e9ricaines et fran\u00e7aise, les menaces terroristes et environnementales, les scandales belges comme Publifin, le Samusocial, les \u0153ufs contamin\u00e9s au Fipronil ou encore le remaniement politique wallon, l&rsquo;actualit\u00e9 ne nous a pas laiss\u00e9 beaucoup de r\u00e9pit.<\/p>\n<p>Parce qu&rsquo;avec le monde tel qu&rsquo;il tourne actuellement, une chose est s\u00fbre, c&rsquo;est pas gagn\u00e9&#8230;<\/p>\n<p>Editeur : Renaissance du Livre<br \/>\nFormat : 21,5 x 30,5 cm<br \/>\nISBN : 9782507055479<\/p>\n","protected":false},"excerpt":{"rendered":"<p>Ce premier recueil de dessin de presse des Humeurs d&rsquo;Oli va vous permettre de prendre un peu de recul face \u00e0 ce tableau bien morose ! \u00c0 travers une s\u00e9lection des meilleurs dessins d&rsquo;Oli, (re)d\u00e9couvrez l&rsquo;ann\u00e9e \u00e9coul\u00e9e avec un point de vue d\u00e9cal\u00e9 et une bonne dose d&rsquo;humour salvatrice !<\/p>\n","protected":false},"featured_media":61,"comment_status":"open","ping_status":"closed","template":"","meta":[],"product_brand":[],"product_cat":[20,30,23],"product_tag":[26,27,29,24,28],"class_list":{"0":"post-60","1":"product","2":"type-product","3":"status-publish","4":"has-post-thumbnail","6":"product_cat-cartoon","7":"product_cat-dessin-de-presse","8":"product_cat-humour","9":"product_tag-cartoon","10":"product_tag-dessin","11":"product_tag-humour","12":"product_tag-oli","13":"product_tag-presse","15":"first","16":"instock","17":"sale","18":"taxable","19":"shipping-taxable","20":"purchasable","21":"product-type-simple"},"jetpack_sharing_enabled":true,"_links":{"self":[{"href":"https:\/\/www.humeurs.be\/boutique\/wp-json\/wp\/v2\/product\/60","targetHints":{"allow":["GET"]}}],"collection":[{"href":"https:\/\/www.humeurs.be\/boutique\/wp-json\/wp\/v2\/product"}],"about":[{"href":"https:\/\/www.humeurs.be\/boutique\/wp-json\/wp\/v2\/types\/product"}],"replies":[{"embeddable":true,"href":"https:\/\/www.humeurs.be\/boutique\/wp-json\/wp\/v2\/comments?post=60"}],"wp:featuredmedia":[{"embeddable":true,"href":"https:\/\/www.humeurs.be\/boutique\/wp-json\/wp\/v2\/media\/61"}],"wp:attachment":[{"href":"https:\/\/www.humeurs.be\/boutique\/wp-json\/wp\/v2\/media?parent=60"}],"wp:term":[{"taxonomy":"product_brand","embeddable":true,"href":"https:\/\/www.humeurs.be\/boutique\/wp-json\/wp\/v2\/product_brand?post=60"},{"taxonomy":"product_cat","embeddable":true,"href":"https:\/\/www.humeurs.be\/boutique\/wp-json\/wp\/v2\/product_cat?post=60"},{"taxonomy":"product_tag","embeddable":true,"href":"https:\/\/www.humeurs.be\/boutique\/wp-json\/wp\/v2\/product_tag?post=60"}],"curies":[{"name":"wp","href":"https:\/\/api.w.org\/{rel}","templated":true}]}}