{"id":57,"date":"2020-09-28T16:31:08","date_gmt":"2020-09-28T14:31:08","guid":{"rendered":"https:\/\/www.humeurs.be\/boutique\/?post_type=product&#038;p=57"},"modified":"2024-05-29T12:07:38","modified_gmt":"2024-05-29T10:07:38","slug":"sacres-champions-les-humeurs-doli-t2-2018","status":"publish","type":"product","link":"https:\/\/www.humeurs.be\/boutique\/produit\/sacres-champions-les-humeurs-doli-t2-2018\/","title":{"rendered":"Sacr\u00e9s champions ! &#8211; Les Humeurs d&rsquo;Oli &#8211; T2 (2018)"},"content":{"rendered":"<p>Entre la Coupe du monde qui a mobilis\u00e9 les esprits des grands et des petits, des accords internationaux plus que bancals et l&rsquo;arriv\u00e9e d&rsquo;\u00e9lections, l&rsquo;actualit\u00e9 n&rsquo;a pas manqu\u00e9 d&rsquo;\u00eatre sportive !<\/p>\n<p>Parce qu&rsquo;il faut bien l&rsquo;admettre, cette ann\u00e9e, on a quand m\u00eame crois\u00e9 un paquet de sacr\u00e9s champions !<\/p>\n<p>Editeur : Renaissance du Livre<br \/>\nFormat : 21,5 x 30,5 cm<br \/>\nISBN : 9782507056063<\/p>\n","protected":false},"excerpt":{"rendered":"<p>Ce 2e album des Humeurs d&rsquo;Oli va vous faire revivre les moments forts de l&rsquo;ann\u00e9e \u00e9coul\u00e9e et rire plus haut, plus fort et plus vite encore qu&rsquo;un tir cadr\u00e9 d&rsquo;Eden Hazard !<\/p>\n","protected":false},"featured_media":58,"comment_status":"open","ping_status":"closed","template":"","meta":[],"product_brand":[],"product_cat":[20,30,23],"product_tag":[26,27,24,28],"class_list":{"0":"post-57","1":"product","2":"type-product","3":"status-publish","4":"has-post-thumbnail","6":"product_cat-cartoon","7":"product_cat-dessin-de-presse","8":"product_cat-humour","9":"product_tag-cartoon","10":"product_tag-dessin","11":"product_tag-oli","12":"product_tag-presse","14":"first","15":"instock","16":"sale","17":"taxable","18":"shipping-taxable","19":"purchasable","20":"product-type-simple"},"jetpack_sharing_enabled":true,"_links":{"self":[{"href":"https:\/\/www.humeurs.be\/boutique\/wp-json\/wp\/v2\/product\/57","targetHints":{"allow":["GET"]}}],"collection":[{"href":"https:\/\/www.humeurs.be\/boutique\/wp-json\/wp\/v2\/product"}],"about":[{"href":"https:\/\/www.humeurs.be\/boutique\/wp-json\/wp\/v2\/types\/product"}],"replies":[{"embeddable":true,"href":"https:\/\/www.humeurs.be\/boutique\/wp-json\/wp\/v2\/comments?post=57"}],"wp:featuredmedia":[{"embeddable":true,"href":"https:\/\/www.humeurs.be\/boutique\/wp-json\/wp\/v2\/media\/58"}],"wp:attachment":[{"href":"https:\/\/www.humeurs.be\/boutique\/wp-json\/wp\/v2\/media?parent=57"}],"wp:term":[{"taxonomy":"product_brand","embeddable":true,"href":"https:\/\/www.humeurs.be\/boutique\/wp-json\/wp\/v2\/product_brand?post=57"},{"taxonomy":"product_cat","embeddable":true,"href":"https:\/\/www.humeurs.be\/boutique\/wp-json\/wp\/v2\/product_cat?post=57"},{"taxonomy":"product_tag","embeddable":true,"href":"https:\/\/www.humeurs.be\/boutique\/wp-json\/wp\/v2\/product_tag?post=57"}],"curies":[{"name":"wp","href":"https:\/\/api.w.org\/{rel}","templated":true}]}}