{"id":56,"date":"2020-09-28T16:26:18","date_gmt":"2020-09-28T14:26:18","guid":{"rendered":"https:\/\/www.humeurs.be\/boutique\/?post_type=product&#038;p=56"},"modified":"2025-05-31T03:31:41","modified_gmt":"2025-05-31T01:31:41","slug":"vox-populi-les-humeurs-doli-t3","status":"publish","type":"product","link":"https:\/\/www.humeurs.be\/boutique\/produit\/vox-populi-les-humeurs-doli-t3\/","title":{"rendered":"Vox Populi &#8211; Les Humeurs d&rsquo;Oli &#8211; T3 (2019)"},"content":{"rendered":"<p>Entre les \u00e9lections communales et f\u00e9d\u00e9rales qui ont occup\u00e9 l&rsquo;esprit et les priorit\u00e9s de nos politiciens, les Gilets jaunes et leurs revendications sur les ronds-points, et les marches pour le climat qui ont mobilis\u00e9 les grands et les petites pour tenter de r\u00e9veiller les puissants sur l&rsquo;urgence environnementale, l&rsquo;actualit\u00e9 a fait descendre beaucoup de monde dans les rues.<\/p>\n<p>Parce qu&rsquo;apr\u00e8s tout, m\u00eame si certains se croient dans une tour d&rsquo;ivoire, au final, ils doivent bien \u00e9couter la vox populi !<\/p>\n<p>\u00c9diteur : Renaissance du Livre<br \/>\nFormat : 21,5 x 30,5 cm<br \/>\nISBN : 9782507056544<\/p>\n","protected":false},"excerpt":{"rendered":"<p>Ce 3e album des Humeurs d&rsquo;Oli va vous faire revivre les moments forts de l&rsquo;ann\u00e9e au travers de ses meilleurs dessins, refus\u00e9s ou publi\u00e9s !<\/p>\n","protected":false},"featured_media":59,"comment_status":"open","ping_status":"closed","template":"","meta":[],"product_brand":[],"product_cat":[20,30,23],"product_tag":[26,27,29,24,28],"class_list":{"0":"post-56","1":"product","2":"type-product","3":"status-publish","4":"has-post-thumbnail","6":"product_cat-cartoon","7":"product_cat-dessin-de-presse","8":"product_cat-humour","9":"product_tag-cartoon","10":"product_tag-dessin","11":"product_tag-humour","12":"product_tag-oli","13":"product_tag-presse","15":"first","16":"instock","17":"sale","18":"taxable","19":"shipping-taxable","20":"purchasable","21":"product-type-simple"},"jetpack_sharing_enabled":true,"_links":{"self":[{"href":"https:\/\/www.humeurs.be\/boutique\/wp-json\/wp\/v2\/product\/56","targetHints":{"allow":["GET"]}}],"collection":[{"href":"https:\/\/www.humeurs.be\/boutique\/wp-json\/wp\/v2\/product"}],"about":[{"href":"https:\/\/www.humeurs.be\/boutique\/wp-json\/wp\/v2\/types\/product"}],"replies":[{"embeddable":true,"href":"https:\/\/www.humeurs.be\/boutique\/wp-json\/wp\/v2\/comments?post=56"}],"wp:featuredmedia":[{"embeddable":true,"href":"https:\/\/www.humeurs.be\/boutique\/wp-json\/wp\/v2\/media\/59"}],"wp:attachment":[{"href":"https:\/\/www.humeurs.be\/boutique\/wp-json\/wp\/v2\/media?parent=56"}],"wp:term":[{"taxonomy":"product_brand","embeddable":true,"href":"https:\/\/www.humeurs.be\/boutique\/wp-json\/wp\/v2\/product_brand?post=56"},{"taxonomy":"product_cat","embeddable":true,"href":"https:\/\/www.humeurs.be\/boutique\/wp-json\/wp\/v2\/product_cat?post=56"},{"taxonomy":"product_tag","embeddable":true,"href":"https:\/\/www.humeurs.be\/boutique\/wp-json\/wp\/v2\/product_tag?post=56"}],"curies":[{"name":"wp","href":"https:\/\/api.w.org\/{rel}","templated":true}]}}