{"id":53,"date":"2020-09-28T11:25:36","date_gmt":"2020-09-28T09:25:36","guid":{"rendered":"https:\/\/www.humeurs.be\/boutique\/?post_type=product&#038;p=53"},"modified":"2024-04-15T09:45:15","modified_gmt":"2024-04-15T07:45:15","slug":"masquarade-les-humeurs-doli-t4","status":"publish","type":"product","link":"https:\/\/www.humeurs.be\/boutique\/produit\/masquarade-les-humeurs-doli-t4\/","title":{"rendered":"Masquarade &#8211; Les Humeurs d&rsquo;Oli &#8211; T4 (2020)"},"content":{"rendered":"<p>Nous venons de vivre une <strong>ann\u00e9e de malade<\/strong> ! Alors qu\u2019on pensait avoir tout vu, que la Belgique montrait ses limites institutionnelles, que nos politiciens \u00e9talaient leur manque de vision globale et leur avidit\u00e9 de pouvoir, et que la mise en place d\u2019un gouvernement s\u2019annon\u00e7ait toujours plus laborieuse, voil\u00e0 qu\u2019est arriv\u00e9e une invit\u00e9e inattendue : <strong>la pand\u00e9mie de Covid-19<\/strong> !<\/p>\n<p>Parce qu\u2019au final, tout cela aura \u00e9t\u00e9 (m\u00eame si ce n\u2019est pas termin\u00e9) <strong>une sacr\u00e9e mascarade<\/strong> !<\/p>\n<p>\u00c9diteur : Renaissance du Livre<br \/>\nFormat : 21,5 x 30,5 cm<br \/>\nISBN : 9782507056834<\/p>\n","protected":false},"excerpt":{"rendered":"<p>Le quatri\u00e8me recueil de dessins de presse des Humeurs d&rsquo;Oli va vous faire revivre les moments forts de cette ann\u00e9e exceptionnelle au travers des prismes de l\u2019humour, de la satire et de la d\u00e9rision.<\/p>\n","protected":false},"featured_media":54,"comment_status":"open","ping_status":"closed","template":"","meta":[],"product_brand":[],"product_cat":[20,30,23],"product_tag":[26,27,29,25,24,28],"class_list":{"0":"post-53","1":"product","2":"type-product","3":"status-publish","4":"has-post-thumbnail","6":"product_cat-cartoon","7":"product_cat-dessin-de-presse","8":"product_cat-humour","9":"product_tag-cartoon","10":"product_tag-dessin","11":"product_tag-humour","12":"product_tag-masquarade","13":"product_tag-oli","14":"product_tag-presse","16":"first","17":"instock","18":"sale","19":"taxable","20":"shipping-taxable","21":"purchasable","22":"product-type-simple"},"jetpack_sharing_enabled":true,"_links":{"self":[{"href":"https:\/\/www.humeurs.be\/boutique\/wp-json\/wp\/v2\/product\/53","targetHints":{"allow":["GET"]}}],"collection":[{"href":"https:\/\/www.humeurs.be\/boutique\/wp-json\/wp\/v2\/product"}],"about":[{"href":"https:\/\/www.humeurs.be\/boutique\/wp-json\/wp\/v2\/types\/product"}],"replies":[{"embeddable":true,"href":"https:\/\/www.humeurs.be\/boutique\/wp-json\/wp\/v2\/comments?post=53"}],"wp:featuredmedia":[{"embeddable":true,"href":"https:\/\/www.humeurs.be\/boutique\/wp-json\/wp\/v2\/media\/54"}],"wp:attachment":[{"href":"https:\/\/www.humeurs.be\/boutique\/wp-json\/wp\/v2\/media?parent=53"}],"wp:term":[{"taxonomy":"product_brand","embeddable":true,"href":"https:\/\/www.humeurs.be\/boutique\/wp-json\/wp\/v2\/product_brand?post=53"},{"taxonomy":"product_cat","embeddable":true,"href":"https:\/\/www.humeurs.be\/boutique\/wp-json\/wp\/v2\/product_cat?post=53"},{"taxonomy":"product_tag","embeddable":true,"href":"https:\/\/www.humeurs.be\/boutique\/wp-json\/wp\/v2\/product_tag?post=53"}],"curies":[{"name":"wp","href":"https:\/\/api.w.org\/{rel}","templated":true}]}}