{"id":237,"date":"2024-05-21T17:21:18","date_gmt":"2024-05-21T15:21:18","guid":{"rendered":"https:\/\/www.humeurs.be\/boutique\/?post_type=product&#038;p=237"},"modified":"2026-05-12T23:29:45","modified_gmt":"2026-05-12T21:29:45","slug":"spa-a-lheure-us-2024","status":"publish","type":"product","link":"https:\/\/www.humeurs.be\/boutique\/produit\/spa-a-lheure-us-2024\/","title":{"rendered":"Spa \u00e0 l&rsquo;heure US (2024)"},"content":{"rendered":"<p><strong> \u00c9dition enrichie pour les 80 ans de la lib\u00e9ration !<\/strong><\/p>\n<p>Spa \u00e0 l\u2019heure US vous transportera \u00e0 Spa \u00e0 la fin de la deuxi\u00e8me Guerre mondiale, et vous fera vivre \u00e0 l\u2019heure am\u00e9ricaine \u00e0 travers 5 r\u00e9cits aux styles graphiques bien distincts. Vous d\u00e9couvrirez le Recreation Center, la vie quotidienne, le m\u00e9tier de reporter de guerre, les risques permanents encourus par les soldats ou encore la folle histoire d\u2019un char Tigre II.<\/p>\n<p>Editeur : Altura \u00c9ditions<br \/>\nFormat : 21,6 x 30,4 cm<br \/>\nISBN : 9782931190159<\/p>\n","protected":false},"excerpt":{"rendered":"<p>Oli, Doudou, Fich et Gil vous permettront, chacun \u00e0 leur mani\u00e8re, de d\u00e9couvrir ce pan moins connu de l&rsquo;histoire de la ville thermale.<\/p>\n","protected":false},"featured_media":238,"comment_status":"open","ping_status":"closed","template":"","meta":[],"product_brand":[],"product_cat":[21],"product_tag":[31,27,32,24,33],"class_list":{"0":"post-237","1":"product","2":"type-product","3":"status-publish","4":"has-post-thumbnail","6":"product_cat-bd","7":"product_tag-bd","8":"product_tag-dessin","9":"product_tag-histoire","10":"product_tag-oli","11":"product_tag-spa","13":"first","14":"instock","15":"taxable","16":"shipping-taxable","17":"purchasable","18":"product-type-simple"},"jetpack_sharing_enabled":true,"_links":{"self":[{"href":"https:\/\/www.humeurs.be\/boutique\/wp-json\/wp\/v2\/product\/237","targetHints":{"allow":["GET"]}}],"collection":[{"href":"https:\/\/www.humeurs.be\/boutique\/wp-json\/wp\/v2\/product"}],"about":[{"href":"https:\/\/www.humeurs.be\/boutique\/wp-json\/wp\/v2\/types\/product"}],"replies":[{"embeddable":true,"href":"https:\/\/www.humeurs.be\/boutique\/wp-json\/wp\/v2\/comments?post=237"}],"wp:featuredmedia":[{"embeddable":true,"href":"https:\/\/www.humeurs.be\/boutique\/wp-json\/wp\/v2\/media\/238"}],"wp:attachment":[{"href":"https:\/\/www.humeurs.be\/boutique\/wp-json\/wp\/v2\/media?parent=237"}],"wp:term":[{"taxonomy":"product_brand","embeddable":true,"href":"https:\/\/www.humeurs.be\/boutique\/wp-json\/wp\/v2\/product_brand?post=237"},{"taxonomy":"product_cat","embeddable":true,"href":"https:\/\/www.humeurs.be\/boutique\/wp-json\/wp\/v2\/product_cat?post=237"},{"taxonomy":"product_tag","embeddable":true,"href":"https:\/\/www.humeurs.be\/boutique\/wp-json\/wp\/v2\/product_tag?post=237"}],"curies":[{"name":"wp","href":"https:\/\/api.w.org\/{rel}","templated":true}]}}