{"id":192,"date":"2023-10-11T09:22:09","date_gmt":"2023-10-11T07:22:09","guid":{"rendered":"https:\/\/www.humeurs.be\/boutique\/?post_type=product&#038;p=192"},"modified":"2025-05-25T12:46:04","modified_gmt":"2025-05-25T10:46:04","slug":"gardons-le-sourire-les-humeurs-doli-t7-2023","status":"publish","type":"product","link":"https:\/\/www.humeurs.be\/boutique\/produit\/gardons-le-sourire-les-humeurs-doli-t7-2023\/","title":{"rendered":"Gardons le sourire ! &#8211; Les Humeurs d&rsquo;Oli &#8211; T7 (2023)"},"content":{"rendered":"<p>L\u2019ann\u00e9e <strong>2023<\/strong> ne nous aura rien \u00e9pargn\u00e9 : <strong>crise de l\u2019\u00e9nergie<\/strong>, <strong>bagarres politiques<\/strong>, <strong>guerre en Ukraine<\/strong> ou encore <strong>tensions aux quatre coins du globe<\/strong>. On pensait avoir tout vu, mais les surprises du destin semblent encore bien nombreuses ! Heureusement, gr\u00e2ce \u00e0 cet album 2023 des <strong>Humeurs d\u2019Oli<\/strong>, vous pourrez reparcourir l\u2019ann\u00e9e de fa\u00e7on humoristique et d\u00e9cal\u00e9e au travers des meilleurs dessins d\u2019Oli ! Allez, \u00e7a ne peut qu\u2019aller mieux, il faut aller de l\u2019avant !<\/p>\n<p>Et sinon\u2026 <strong>GARDONS LE SOURIRE<\/strong> !<\/p>\n<p>\u00c9diteur : Etoile Filante Editions<br \/>\nFormat : 21,5 x 30,5 cm<br \/>\nISBN : 9782960335200<\/p>\n","protected":false},"excerpt":{"rendered":"<p>L\u2019ann\u00e9e 2023 ne nous aura rien \u00e9pargn\u00e9 : crise de l\u2019\u00e9nergie, bagarres politiques, guerre en Ukraine ou encore tensions aux quatre coins du globe. On pensait avoir tout vu, mais les surprises du destin semblent encore bien nombreuses ! Heureusement, gr\u00e2ce \u00e0 cet album 2023 des Humeurs d\u2019Oli, vous pourrez reparcourir l\u2019ann\u00e9e de fa\u00e7on humoristique [&hellip;]<\/p>\n","protected":false},"featured_media":193,"comment_status":"open","ping_status":"closed","template":"","meta":[],"product_brand":[],"product_cat":[20,30,23,22],"product_tag":[],"class_list":{"0":"post-192","1":"product","2":"type-product","3":"status-publish","4":"has-post-thumbnail","6":"product_cat-cartoon","7":"product_cat-dessin-de-presse","8":"product_cat-humour","9":"product_cat-livre","11":"first","12":"instock","13":"taxable","14":"shipping-taxable","15":"purchasable","16":"product-type-simple"},"jetpack_sharing_enabled":true,"_links":{"self":[{"href":"https:\/\/www.humeurs.be\/boutique\/wp-json\/wp\/v2\/product\/192","targetHints":{"allow":["GET"]}}],"collection":[{"href":"https:\/\/www.humeurs.be\/boutique\/wp-json\/wp\/v2\/product"}],"about":[{"href":"https:\/\/www.humeurs.be\/boutique\/wp-json\/wp\/v2\/types\/product"}],"replies":[{"embeddable":true,"href":"https:\/\/www.humeurs.be\/boutique\/wp-json\/wp\/v2\/comments?post=192"}],"wp:featuredmedia":[{"embeddable":true,"href":"https:\/\/www.humeurs.be\/boutique\/wp-json\/wp\/v2\/media\/193"}],"wp:attachment":[{"href":"https:\/\/www.humeurs.be\/boutique\/wp-json\/wp\/v2\/media?parent=192"}],"wp:term":[{"taxonomy":"product_brand","embeddable":true,"href":"https:\/\/www.humeurs.be\/boutique\/wp-json\/wp\/v2\/product_brand?post=192"},{"taxonomy":"product_cat","embeddable":true,"href":"https:\/\/www.humeurs.be\/boutique\/wp-json\/wp\/v2\/product_cat?post=192"},{"taxonomy":"product_tag","embeddable":true,"href":"https:\/\/www.humeurs.be\/boutique\/wp-json\/wp\/v2\/product_tag?post=192"}],"curies":[{"name":"wp","href":"https:\/\/api.w.org\/{rel}","templated":true}]}}