{"id":139,"date":"2021-10-20T16:00:09","date_gmt":"2021-10-20T14:00:09","guid":{"rendered":"https:\/\/www.humeurs.be\/boutique\/?post_type=product&#038;p=139"},"modified":"2024-11-19T16:16:59","modified_gmt":"2024-11-19T15:16:59","slug":"a-leau-le-monde-les-humeurs-doli-t5","status":"publish","type":"product","link":"https:\/\/www.humeurs.be\/boutique\/produit\/a-leau-le-monde-les-humeurs-doli-t5\/","title":{"rendered":"\u00c0 l&rsquo;eau le monde ! &#8211; Les Humeurs d&rsquo;Oli &#8211; T5 (2021)"},"content":{"rendered":"<p>Quelle ann\u00e9e mouvement\u00e9e ! Avec les <strong>masques<\/strong>, les <strong>vaccins<\/strong> et le <strong>pass sanitaire<\/strong> d\u2019un c\u00f4t\u00e9, les <strong>inondations<\/strong>, les <strong>incendies<\/strong> et le dernier<strong> rapport du GIEC<\/strong> de l\u2019autre, il a \u00e9t\u00e9 difficile de tenir un cap. Nous pensions la <strong>pand\u00e9mie<\/strong> derri\u00e8re nous pour profiter des r\u00e9jouissances estivales (Coupe d\u2019Europe, JO), mais les menaces continuent de planer. Allons-nous ENFIN tirer des le\u00e7ons du pass\u00e9 ?<br \/>\nPromis, ce rem\u00e8de miracle \u00e0 la morosit\u00e9 a \u00e9t\u00e9 test\u00e9, approuv\u00e9, contr\u00f4l\u00e9 et valid\u00e9 par les plus grands experts d\u2019Internet et d\u2019ailleurs, il ne vous causera que\u2026 du rire !<br \/>\nEt esp\u00e9rons juste qu\u2019il ne tombe pas \u00e0 l\u2019eau, le monde !<\/p>\n<p>\u00c9diteur : Renaissance du Livre<br \/>\nFormat : 21,5 x 30,5 cm<br \/>\nISBN : 9782507057190<\/p>\n","protected":false},"excerpt":{"rendered":"<p>Gr\u00e2ce \u00e0 ce cinqui\u00e8me album des Humeurs d\u2019Oli, vous serez prot\u00e9g\u00e9 contre tous les sympt\u00f4mes de la mauvaise humeur, et pourrez revivre les temps forts de l\u2019ann\u00e9e \u00e9coul\u00e9e \u00e0 travers une s\u00e9lection de ses meilleurs dessins.<\/p>\n","protected":false},"featured_media":140,"comment_status":"open","ping_status":"closed","template":"","meta":[],"product_brand":[],"product_cat":[20,30,23],"product_tag":[],"class_list":{"0":"post-139","1":"product","2":"type-product","3":"status-publish","4":"has-post-thumbnail","6":"product_cat-cartoon","7":"product_cat-dessin-de-presse","8":"product_cat-humour","10":"first","11":"instock","12":"sale","13":"taxable","14":"shipping-taxable","15":"purchasable","16":"product-type-simple"},"jetpack_sharing_enabled":true,"_links":{"self":[{"href":"https:\/\/www.humeurs.be\/boutique\/wp-json\/wp\/v2\/product\/139","targetHints":{"allow":["GET"]}}],"collection":[{"href":"https:\/\/www.humeurs.be\/boutique\/wp-json\/wp\/v2\/product"}],"about":[{"href":"https:\/\/www.humeurs.be\/boutique\/wp-json\/wp\/v2\/types\/product"}],"replies":[{"embeddable":true,"href":"https:\/\/www.humeurs.be\/boutique\/wp-json\/wp\/v2\/comments?post=139"}],"wp:featuredmedia":[{"embeddable":true,"href":"https:\/\/www.humeurs.be\/boutique\/wp-json\/wp\/v2\/media\/140"}],"wp:attachment":[{"href":"https:\/\/www.humeurs.be\/boutique\/wp-json\/wp\/v2\/media?parent=139"}],"wp:term":[{"taxonomy":"product_brand","embeddable":true,"href":"https:\/\/www.humeurs.be\/boutique\/wp-json\/wp\/v2\/product_brand?post=139"},{"taxonomy":"product_cat","embeddable":true,"href":"https:\/\/www.humeurs.be\/boutique\/wp-json\/wp\/v2\/product_cat?post=139"},{"taxonomy":"product_tag","embeddable":true,"href":"https:\/\/www.humeurs.be\/boutique\/wp-json\/wp\/v2\/product_tag?post=139"}],"curies":[{"name":"wp","href":"https:\/\/api.w.org\/{rel}","templated":true}]}}